{"id":152,"date":"2019-11-13T21:00:46","date_gmt":"2019-11-13T20:00:46","guid":{"rendered":"http:\/\/www.cyclovilleauxdames.fr\/xcesvd\/?page_id=152"},"modified":"2021-01-02T14:28:49","modified_gmt":"2021-01-02T13:28:49","slug":"nous-rejoindre","status":"publish","type":"page","link":"https:\/\/www.cyclovilleauxdames.fr\/xcesvd\/?page_id=152","title":{"rendered":"Nous rejoindre"},"content":{"rendered":"\n<p class=\"has-text-color\" style=\"color:#d76c07\"><strong>Pour nous rejoindre, c\u2019est tr\u00e8s  simple<\/strong> :<\/p>\n\n\n\n<p>1 &#8211; T\u00e9l\u00e9charger et compl\u00e9ter les documents suivants :<\/p>\n\n\n\n<div class=\"wp-block-file\"><a href=\"http:\/\/www.cyclovilleauxdames.fr\/xcesvd\/wp-content\/uploads\/2020\/10\/Inscriptions-21-1.pdf\">Inscriptions-21-1<\/a><a href=\"http:\/\/www.cyclovilleauxdames.fr\/xcesvd\/wp-content\/uploads\/2020\/10\/Inscriptions-21-1.pdf\" class=\"wp-block-file__button\" download>T\u00e9l\u00e9charger<\/a><\/div>\n\n\n\n<div class=\"wp-block-file\"><a href=\"http:\/\/www.cyclovilleauxdames.fr\/xcesvd\/wp-content\/uploads\/2021\/01\/Informations-importantes-pours-adherents7172.pdf\">Informations-importantes-pours-adherents7172<\/a><a href=\"http:\/\/www.cyclovilleauxdames.fr\/xcesvd\/wp-content\/uploads\/2021\/01\/Informations-importantes-pours-adherents7172.pdf\" class=\"wp-block-file__button\" download>T\u00e9l\u00e9charger<\/a><\/div>\n\n\n\n<div class=\"wp-block-file\"><a href=\"http:\/\/www.cyclovilleauxdames.fr\/xcesvd\/wp-content\/uploads\/2021\/01\/AUTO-QUESTIONNAIRE-QS-SPORT-CERFA_156997171.pdf\">AUTO-QUESTIONNAIRE-QS-SPORT-CERFA_156997171<\/a><a href=\"http:\/\/www.cyclovilleauxdames.fr\/xcesvd\/wp-content\/uploads\/2021\/01\/AUTO-QUESTIONNAIRE-QS-SPORT-CERFA_156997171.pdf\" class=\"wp-block-file__button\" download>T\u00e9l\u00e9charger<\/a><\/div>\n\n\n\n<div class=\"wp-block-file\"><a href=\"http:\/\/www.cyclovilleauxdames.fr\/xcesvd\/wp-content\/uploads\/2021\/01\/NOTICE-D-INFORMATION-DU-LICENCIE-2021-A-SIGNER7174.pdf\">NOTICE-D-INFORMATION-DU-LICENCIE-2021-A-SIGNER7174<\/a><a href=\"http:\/\/www.cyclovilleauxdames.fr\/xcesvd\/wp-content\/uploads\/2021\/01\/NOTICE-D-INFORMATION-DU-LICENCIE-2021-A-SIGNER7174.pdf\" class=\"wp-block-file__button\" download>T\u00e9l\u00e9charger<\/a><\/div>\n\n\n\n<p>2 &#8211; Faire un cheque a l\u2019ordre de <strong>l&rsquo;ESVD Cyclo La Ville aux dames<\/strong> de 58\u20ac pour la licence ffct.<\/p>\n\n\n\n<p>3 &#8211; Remettre l\u2019ensemble a un des responsable du cyclo ou du VTT.<\/p>\n\n\n\n<p class=\"has-text-color\" style=\"color:#d35a0e\"><strong>Bienvenu a Toi !<\/strong><\/p>\n\n\n\n<p>Les avantages li\u00e9s ton inscription au club en plus de l\u2019assurance li\u00e9e a ton inscription :<\/p>\n\n\n\n<ul class=\"wp-block-list\"><li>Acc\u00e8s aux avantages club chez Mondo Velo la Ville aux Dames<\/li><li>Acc\u00e8s  aux infrastructures du club<\/li><li>Reduction sur www.Alltricks.com (5%)<\/li><li>et plein d\u2019autres choses comme des sorties club etc&#8230;<\/li><\/ul>\n\n\n\n<p class=\"has-text-color\" style=\"color:#d35a0d\"><strong>A bient\u00f4t parmis nous<\/strong><\/p>\n\n\n\n<figure class=\"wp-block-image size-large\"><img loading=\"lazy\" decoding=\"async\" width=\"482\" height=\"482\" src=\"http:\/\/www.cyclovilleauxdames.fr\/xcesvd\/wp-content\/uploads\/2019\/11\/plateau-vtt-massi-type-xt-m8000-mono-plateau.jpg\" alt=\"\" class=\"wp-image-48\" srcset=\"https:\/\/www.cyclovilleauxdames.fr\/xcesvd\/wp-content\/uploads\/2019\/11\/plateau-vtt-massi-type-xt-m8000-mono-plateau.jpg 482w, https:\/\/www.cyclovilleauxdames.fr\/xcesvd\/wp-content\/uploads\/2019\/11\/plateau-vtt-massi-type-xt-m8000-mono-plateau-150x150.jpg 150w, https:\/\/www.cyclovilleauxdames.fr\/xcesvd\/wp-content\/uploads\/2019\/11\/plateau-vtt-massi-type-xt-m8000-mono-plateau-300x300.jpg 300w, https:\/\/www.cyclovilleauxdames.fr\/xcesvd\/wp-content\/uploads\/2019\/11\/plateau-vtt-massi-type-xt-m8000-mono-plateau-100x100.jpg 100w\" sizes=\"auto, (max-width: 482px) 100vw, 482px\" \/><\/figure>\n","protected":false},"excerpt":{"rendered":"<p>Pour nous rejoindre, c\u2019est tr\u00e8s simple : 1 &#8211; T\u00e9l\u00e9charger et compl\u00e9ter les documents suivants : 2 &#8211; Faire un cheque a l\u2019ordre de l&rsquo;ESVD Cyclo La Ville aux dames de 58\u20ac pour la licence ffct. 3 &#8211; Remettre l\u2019ensemble a un des responsable du cyclo ou du VTT. Bienvenu a Toi ! Les avantages &#8230; <a title=\"Nous rejoindre\" class=\"read-more\" href=\"https:\/\/www.cyclovilleauxdames.fr\/xcesvd\/?page_id=152\" aria-label=\"En savoir plus sur Nous rejoindre\">Lire la suite<\/a><\/p>\n","protected":false},"author":1,"featured_media":0,"parent":0,"menu_order":0,"comment_status":"closed","ping_status":"closed","template":"","meta":{"_exactmetrics_skip_tracking":false,"_exactmetrics_sitenote_active":false,"_exactmetrics_sitenote_note":"","_exactmetrics_sitenote_category":0,"footnotes":""},"class_list":["post-152","page","type-page","status-publish"],"_links":{"self":[{"href":"https:\/\/www.cyclovilleauxdames.fr\/xcesvd\/index.php?rest_route=\/wp\/v2\/pages\/152","targetHints":{"allow":["GET"]}}],"collection":[{"href":"https:\/\/www.cyclovilleauxdames.fr\/xcesvd\/index.php?rest_route=\/wp\/v2\/pages"}],"about":[{"href":"https:\/\/www.cyclovilleauxdames.fr\/xcesvd\/index.php?rest_route=\/wp\/v2\/types\/page"}],"author":[{"embeddable":true,"href":"https:\/\/www.cyclovilleauxdames.fr\/xcesvd\/index.php?rest_route=\/wp\/v2\/users\/1"}],"replies":[{"embeddable":true,"href":"https:\/\/www.cyclovilleauxdames.fr\/xcesvd\/index.php?rest_route=%2Fwp%2Fv2%2Fcomments&post=152"}],"version-history":[{"count":10,"href":"https:\/\/www.cyclovilleauxdames.fr\/xcesvd\/index.php?rest_route=\/wp\/v2\/pages\/152\/revisions"}],"predecessor-version":[{"id":599,"href":"https:\/\/www.cyclovilleauxdames.fr\/xcesvd\/index.php?rest_route=\/wp\/v2\/pages\/152\/revisions\/599"}],"wp:attachment":[{"href":"https:\/\/www.cyclovilleauxdames.fr\/xcesvd\/index.php?rest_route=%2Fwp%2Fv2%2Fmedia&parent=152"}],"curies":[{"name":"wp","href":"https:\/\/api.w.org\/{rel}","templated":true}]}}