{"id":147,"date":"2019-11-13T20:59:02","date_gmt":"2019-11-13T19:59:02","guid":{"rendered":"http:\/\/www.cyclovilleauxdames.fr\/xcesvd\/?page_id=147"},"modified":"2021-02-23T20:35:14","modified_gmt":"2021-02-23T19:35:14","slug":"la-gynepolitaine","status":"publish","type":"page","link":"https:\/\/www.cyclovilleauxdames.fr\/xcesvd\/?page_id=147","title":{"rendered":"LA GYNEPOLITAINE VTT \u2013 SOUVENIR ALAIN ET JO\u00cbL SAUQUET"},"content":{"rendered":"\n<p class=\"has-medium-font-size\"><strong>Histoire de la Gynepolitaine<\/strong><\/p>\n\n\n\n<p>Gynepolitane : c\u2019est le nom des personnes qui habitent la Ville aux Dames !<\/p>\n\n\n\n<p><em><strong>Les habitants de la ville ne sont plus les \u00ab\u00a0caillons\u00a0\u00bb mais les \u00ab\u00a0Gyn\u00e9politains\u00a0\u00bb et \u00ab\u00a0Gyn\u00e9politaines\u00a0\u00bb (du grec ancien &lsquo;gun\u00ea&rsquo;, la femme, et &lsquo;polis&rsquo;, la ville).26 mai 2011<\/strong><\/em><\/p>\n\n\n\n<hr class=\"wp-block-separator has-text-color has-background has-black-background-color has-black-color is-style-wide\"\/>\n\n\n\n<p class=\"has-medium-font-size\"><strong>Alain et Joel Sauquet :<\/strong><\/p>\n\n\n\n<p>Ils \u00e9taient les initiateurs du VTT \u00e0 la Ville aux Dames et de l&rsquo;organisation de la rando qui se faisait de leurs vivants : randonn\u00e9e  des Caillons VTT.<\/p>\n\n\n\n<p>A la suite de leur disparition, nous avons voulu dissocier la randonn\u00e9e des Caillons en 2 manifestations : la randonn\u00e9e march\u00e9e des Caillons en Novembre et la Gynepolitaine VTT, souvenir Alain et Jo\u00ebl Sauquet en Mars.&nbsp;<\/p>\n\n\n\n<hr class=\"wp-block-separator has-text-color has-background has-black-background-color has-black-color is-style-wide\"\/>\n\n\n\n<p class=\"has-medium-font-size\"><strong>La randonn\u00e9e  en d\u00e9tail<\/strong><\/p>\n\n\n\n<p>Le dimanche 7 mars 2021 la randonn\u00e9e LA GYNEPOLYTAINE.<\/p>\n\n\n\n<p><br>Parcours 22 34 47 et 54km<br>\u00c0 partir de 7h30 adresse 1 rue Colette \u00e0 La Ville-aux-Dames<\/p>\n\n\n\n<p><br> Tarif 6 \u20ac et 4 \u20ac pour les licenci\u00e9s. Inscription en ligne gratuite, limit\u00e9 a 50 sur place.<br> Station de lavage VTT sur place.<\/p>\n\n\n\n<p><br>Ravitaillement distribu\u00e9 au depart en 2021.<\/p>\n\n\n\n<figure class=\"wp-block-image size-large\"><img loading=\"lazy\" decoding=\"async\" width=\"724\" height=\"1024\" src=\"http:\/\/www.cyclovilleauxdames.fr\/xcesvd\/wp-content\/uploads\/2021\/02\/9AEF422E-DC28-45AF-9E8F-FBB614682D26-724x1024.jpeg\" alt=\"\" class=\"wp-image-726\" srcset=\"https:\/\/www.cyclovilleauxdames.fr\/xcesvd\/wp-content\/uploads\/2021\/02\/9AEF422E-DC28-45AF-9E8F-FBB614682D26-724x1024.jpeg 724w, https:\/\/www.cyclovilleauxdames.fr\/xcesvd\/wp-content\/uploads\/2021\/02\/9AEF422E-DC28-45AF-9E8F-FBB614682D26-212x300.jpeg 212w, https:\/\/www.cyclovilleauxdames.fr\/xcesvd\/wp-content\/uploads\/2021\/02\/9AEF422E-DC28-45AF-9E8F-FBB614682D26-768x1086.jpeg 768w, https:\/\/www.cyclovilleauxdames.fr\/xcesvd\/wp-content\/uploads\/2021\/02\/9AEF422E-DC28-45AF-9E8F-FBB614682D26-1086x1536.jpeg 1086w, https:\/\/www.cyclovilleauxdames.fr\/xcesvd\/wp-content\/uploads\/2021\/02\/9AEF422E-DC28-45AF-9E8F-FBB614682D26-1448x2048.jpeg 1448w, https:\/\/www.cyclovilleauxdames.fr\/xcesvd\/wp-content\/uploads\/2021\/02\/9AEF422E-DC28-45AF-9E8F-FBB614682D26-scaled.jpeg 1810w\" sizes=\"auto, (max-width: 724px) 100vw, 724px\" \/><\/figure>\n","protected":false},"excerpt":{"rendered":"<p>Histoire de la Gynepolitaine Gynepolitane : c\u2019est le nom des personnes qui habitent la Ville aux Dames ! Les habitants de la ville ne sont plus les \u00ab\u00a0caillons\u00a0\u00bb mais les \u00ab\u00a0Gyn\u00e9politains\u00a0\u00bb et \u00ab\u00a0Gyn\u00e9politaines\u00a0\u00bb (du grec ancien &lsquo;gun\u00ea&rsquo;, la femme, et &lsquo;polis&rsquo;, la ville).26 mai 2011 Alain et Joel Sauquet : Ils \u00e9taient les initiateurs du &#8230; <a title=\"LA GYNEPOLITAINE VTT \u2013 SOUVENIR ALAIN ET JO\u00cbL SAUQUET\" class=\"read-more\" href=\"https:\/\/www.cyclovilleauxdames.fr\/xcesvd\/?page_id=147\" aria-label=\"En savoir plus sur LA GYNEPOLITAINE VTT \u2013 SOUVENIR ALAIN ET JO\u00cbL SAUQUET\">Lire la suite<\/a><\/p>\n","protected":false},"author":1,"featured_media":0,"parent":0,"menu_order":0,"comment_status":"closed","ping_status":"closed","template":"","meta":{"_exactmetrics_skip_tracking":false,"_exactmetrics_sitenote_active":false,"_exactmetrics_sitenote_note":"","_exactmetrics_sitenote_category":0,"footnotes":""},"class_list":["post-147","page","type-page","status-publish"],"_links":{"self":[{"href":"https:\/\/www.cyclovilleauxdames.fr\/xcesvd\/index.php?rest_route=\/wp\/v2\/pages\/147","targetHints":{"allow":["GET"]}}],"collection":[{"href":"https:\/\/www.cyclovilleauxdames.fr\/xcesvd\/index.php?rest_route=\/wp\/v2\/pages"}],"about":[{"href":"https:\/\/www.cyclovilleauxdames.fr\/xcesvd\/index.php?rest_route=\/wp\/v2\/types\/page"}],"author":[{"embeddable":true,"href":"https:\/\/www.cyclovilleauxdames.fr\/xcesvd\/index.php?rest_route=\/wp\/v2\/users\/1"}],"replies":[{"embeddable":true,"href":"https:\/\/www.cyclovilleauxdames.fr\/xcesvd\/index.php?rest_route=%2Fwp%2Fv2%2Fcomments&post=147"}],"version-history":[{"count":9,"href":"https:\/\/www.cyclovilleauxdames.fr\/xcesvd\/index.php?rest_route=\/wp\/v2\/pages\/147\/revisions"}],"predecessor-version":[{"id":728,"href":"https:\/\/www.cyclovilleauxdames.fr\/xcesvd\/index.php?rest_route=\/wp\/v2\/pages\/147\/revisions\/728"}],"wp:attachment":[{"href":"https:\/\/www.cyclovilleauxdames.fr\/xcesvd\/index.php?rest_route=%2Fwp%2Fv2%2Fmedia&parent=147"}],"curies":[{"name":"wp","href":"https:\/\/api.w.org\/{rel}","templated":true}]}}