{"id":140,"date":"2019-11-13T20:48:53","date_gmt":"2019-11-13T19:48:53","guid":{"rendered":"http:\/\/www.cyclovilleauxdames.fr\/xcesvd\/?page_id=140"},"modified":"2019-11-23T21:19:30","modified_gmt":"2019-11-23T20:19:30","slug":"le-club-esvd-xc","status":"publish","type":"page","link":"https:\/\/www.cyclovilleauxdames.fr\/xcesvd\/?page_id=140","title":{"rendered":"Le Club ESVD XC"},"content":{"rendered":"\n<p><strong>Les moments clefs \u00e0 retenir :<\/strong><\/p>\n\n\n\n<p>J. Sauquet membre de l\u2019esvd contribue a l\u2019essort du lancement du VTT au niveau national <\/p>\n\n\n\n<p>1980 : Premi\u00e8re randonn\u00e9e VTT des Caillons \u00e0 la Ville aux Dames.<\/p>\n\n\n\n<p>2011 : Premi\u00e8re randonn\u00e9e VTT Gynepolitaine sous sa forme actuelle.<\/p>\n\n\n\n<p>2017 : Lancement de la section VTT au club de l\u2019ESV sous l\u2019impulsion de Yvon le pr\u00e9sident<\/p>\n\n\n\n<p>2018 : Cr\u00e9ation des nouveaux maillots li\u00e9s \u00e0 la section VTT et du logo.<\/p>\n\n\n\n<div class=\"wp-block-image\"><figure class=\"alignright size-large is-resized\"><img loading=\"lazy\" decoding=\"async\" src=\"http:\/\/www.cyclovilleauxdames.fr\/xcesvd\/wp-content\/uploads\/2019\/11\/ESSAIS-LA-VILLE-AU-DAMES_AEROSPORTING_2019-1-1024x291.png\" alt=\"\" class=\"wp-image-52\" width=\"256\" height=\"73\" srcset=\"https:\/\/www.cyclovilleauxdames.fr\/xcesvd\/wp-content\/uploads\/2019\/11\/ESSAIS-LA-VILLE-AU-DAMES_AEROSPORTING_2019-1-1024x291.png 1024w, https:\/\/www.cyclovilleauxdames.fr\/xcesvd\/wp-content\/uploads\/2019\/11\/ESSAIS-LA-VILLE-AU-DAMES_AEROSPORTING_2019-1-300x85.png 300w, https:\/\/www.cyclovilleauxdames.fr\/xcesvd\/wp-content\/uploads\/2019\/11\/ESSAIS-LA-VILLE-AU-DAMES_AEROSPORTING_2019-1-768x218.png 768w, https:\/\/www.cyclovilleauxdames.fr\/xcesvd\/wp-content\/uploads\/2019\/11\/ESSAIS-LA-VILLE-AU-DAMES_AEROSPORTING_2019-1.png 2000w\" sizes=\"auto, (max-width: 256px) 100vw, 256px\" \/><\/figure><\/div>\n\n\n\n<figure class=\"wp-block-image size-large is-resized\"><img loading=\"lazy\" decoding=\"async\" src=\"http:\/\/www.cyclovilleauxdames.fr\/xcesvd\/wp-content\/uploads\/2019\/11\/image-maillot-2.jpg\" alt=\"\" class=\"wp-image-182\" width=\"246\" height=\"158\" srcset=\"https:\/\/www.cyclovilleauxdames.fr\/xcesvd\/wp-content\/uploads\/2019\/11\/image-maillot-2.jpg 492w, https:\/\/www.cyclovilleauxdames.fr\/xcesvd\/wp-content\/uploads\/2019\/11\/image-maillot-2-300x192.jpg 300w\" sizes=\"auto, (max-width: 246px) 100vw, 246px\" \/><\/figure>\n\n\n\n<p>2019 : Cr\u00e9ation  d\u2019une commission  VTT qui s\u2019imbrique plus avec la vie des Cyclos. Certains membres participent d\u00e9sormais aux r\u00e9unions de bureau mensuelles.<\/p>\n","protected":false},"excerpt":{"rendered":"<p>Les moments clefs \u00e0 retenir : J. Sauquet membre de l\u2019esvd contribue a l\u2019essort du lancement du VTT au niveau national 1980 : Premi\u00e8re randonn\u00e9e VTT des Caillons \u00e0 la Ville aux Dames. 2011 : Premi\u00e8re randonn\u00e9e VTT Gynepolitaine sous sa forme actuelle. 2017 : Lancement de la section VTT au club de l\u2019ESV sous &#8230; <a title=\"Le Club ESVD XC\" class=\"read-more\" href=\"https:\/\/www.cyclovilleauxdames.fr\/xcesvd\/?page_id=140\" aria-label=\"En savoir plus sur Le Club ESVD XC\">Lire la suite<\/a><\/p>\n","protected":false},"author":1,"featured_media":0,"parent":0,"menu_order":0,"comment_status":"closed","ping_status":"closed","template":"","meta":{"_exactmetrics_skip_tracking":false,"_exactmetrics_sitenote_active":false,"_exactmetrics_sitenote_note":"","_exactmetrics_sitenote_category":0,"footnotes":""},"class_list":["post-140","page","type-page","status-publish"],"_links":{"self":[{"href":"https:\/\/www.cyclovilleauxdames.fr\/xcesvd\/index.php?rest_route=\/wp\/v2\/pages\/140","targetHints":{"allow":["GET"]}}],"collection":[{"href":"https:\/\/www.cyclovilleauxdames.fr\/xcesvd\/index.php?rest_route=\/wp\/v2\/pages"}],"about":[{"href":"https:\/\/www.cyclovilleauxdames.fr\/xcesvd\/index.php?rest_route=\/wp\/v2\/types\/page"}],"author":[{"embeddable":true,"href":"https:\/\/www.cyclovilleauxdames.fr\/xcesvd\/index.php?rest_route=\/wp\/v2\/users\/1"}],"replies":[{"embeddable":true,"href":"https:\/\/www.cyclovilleauxdames.fr\/xcesvd\/index.php?rest_route=%2Fwp%2Fv2%2Fcomments&post=140"}],"version-history":[{"count":12,"href":"https:\/\/www.cyclovilleauxdames.fr\/xcesvd\/index.php?rest_route=\/wp\/v2\/pages\/140\/revisions"}],"predecessor-version":[{"id":356,"href":"https:\/\/www.cyclovilleauxdames.fr\/xcesvd\/index.php?rest_route=\/wp\/v2\/pages\/140\/revisions\/356"}],"wp:attachment":[{"href":"https:\/\/www.cyclovilleauxdames.fr\/xcesvd\/index.php?rest_route=%2Fwp%2Fv2%2Fmedia&parent=140"}],"curies":[{"name":"wp","href":"https:\/\/api.w.org\/{rel}","templated":true}]}}